{"id":2642,"date":"2020-04-18T15:48:35","date_gmt":"2020-04-18T13:48:35","guid":{"rendered":"https:\/\/themebing.com\/wp\/automax\/?page_id=53"},"modified":"2023-07-28T14:36:36","modified_gmt":"2023-07-28T12:36:36","slug":"ueber-uns","status":"publish","type":"page","link":"https:\/\/www.lik-kfz-gebrauchtteile.de\/index.php\/ueber-uns\/","title":{"rendered":"\u00dcber uns"},"content":{"rendered":"\t\t<div data-elementor-type=\"wp-page\" data-elementor-id=\"2642\" class=\"elementor elementor-2642\">\n\t\t\t\t\t\t<section class=\"elementor-section elementor-top-section elementor-element elementor-element-3d88579 elementor-section-boxed elementor-section-height-default elementor-section-height-default\" data-id=\"3d88579\" data-element_type=\"section\">\n\t\t\t\t\t\t<div class=\"elementor-container elementor-column-gap-default\">\n\t\t\t\t\t<div class=\"elementor-column elementor-col-100 elementor-top-column elementor-element elementor-element-96bd522\" data-id=\"96bd522\" data-element_type=\"column\">\n\t\t\t<div class=\"elementor-widget-wrap elementor-element-populated\">\n\t\t\t\t\t\t<div class=\"elementor-element elementor-element-3d5eba3 elementor-widget elementor-widget-heading\" data-id=\"3d5eba3\" data-element_type=\"widget\" data-widget_type=\"heading.default\">\n\t\t\t\t<div class=\"elementor-widget-container\">\n\t\t\t<style>\/*! elementor - v3.22.0 - 26-06-2024 *\/\n.elementor-heading-title{padding:0;margin:0;line-height:1}.elementor-widget-heading .elementor-heading-title[class*=elementor-size-]>a{color:inherit;font-size:inherit;line-height:inherit}.elementor-widget-heading .elementor-heading-title.elementor-size-small{font-size:15px}.elementor-widget-heading .elementor-heading-title.elementor-size-medium{font-size:19px}.elementor-widget-heading .elementor-heading-title.elementor-size-large{font-size:29px}.elementor-widget-heading .elementor-heading-title.elementor-size-xl{font-size:39px}.elementor-widget-heading .elementor-heading-title.elementor-size-xxl{font-size:59px}<\/style><h1 class=\"elementor-heading-title elementor-size-default\">Ihr Spezialist f\u00fcr hochwertige Porsche und Tesla Gebrauchtteile<\/h1>\t\t<\/div>\n\t\t\t\t<\/div>\n\t\t\t\t<div class=\"elementor-element elementor-element-4585bdb elementor-widget elementor-widget-text-editor\" data-id=\"4585bdb\" data-element_type=\"widget\" data-widget_type=\"text-editor.default\">\n\t\t\t\t<div class=\"elementor-widget-container\">\n\t\t\t<style>\/*! elementor - v3.22.0 - 26-06-2024 *\/\n.elementor-widget-text-editor.elementor-drop-cap-view-stacked .elementor-drop-cap{background-color:#69727d;color:#fff}.elementor-widget-text-editor.elementor-drop-cap-view-framed .elementor-drop-cap{color:#69727d;border:3px solid;background-color:transparent}.elementor-widget-text-editor:not(.elementor-drop-cap-view-default) .elementor-drop-cap{margin-top:8px}.elementor-widget-text-editor:not(.elementor-drop-cap-view-default) .elementor-drop-cap-letter{width:1em;height:1em}.elementor-widget-text-editor .elementor-drop-cap{float:left;text-align:center;line-height:1;font-size:50px}.elementor-widget-text-editor .elementor-drop-cap-letter{display:inline-block}<\/style>\t\t\t\t<p>Unser Unternehmen hat sich mit Leidenschaft und Fachwissen dem Verkauf von erstklassigen Ersatzteilen f\u00fcr Porsche und Tesla Fahrzeuge verschrieben. Als begeisterte Liebhaber dieser Premium-Marken verstehen wir, wie wichtig es ist, Ihr Fahrzeug in optimaler Form zu halten. Aus diesem Grund bieten wir Ihnen ein sorgf\u00e4ltig ausgew\u00e4hltes Sortiment an hochwertigen Gebrauchtteilen, die den Anspr\u00fcchen und Qualit\u00e4tsstandards dieser luxuri\u00f6sen Automobilhersteller voll und ganz gerecht werden.<\/p>\n<p><strong>Unser Engagement f\u00fcr Qualit\u00e4t<\/strong><\/p>\n<p>Bei LIK-KFZ-Gebrauchtteile steht Qualit\u00e4t an erster Stelle. Wir legen gr\u00f6\u00dften Wert darauf, Ihnen nur Teile anzubieten, die h\u00f6chsten Anspr\u00fcchen gen\u00fcgen.<\/p>\n<p><strong>Expertenberatung f\u00fcr Ihre Bed\u00fcrfnisse<\/strong><\/p>\n<p>Wir wissen, dass jedes Modell einzigartig ist und spezifische Anforderungen hat. Deshalb stehen wir Ihnen mit individueller Beratung zur Seite, um Ihnen die bestm\u00f6glichen L\u00f6sungen f\u00fcr Ihr Fahrzeug anzubieten. Egal, ob Sie auf der Suche nach Motoren, Bremsen, Karosserieteilen oder anderen Komponenten sind \u2013 wir finden die passenden Teile f\u00fcr Sie.<\/p>\n<p><strong>Nachhaltigkeit und Umweltbewusstsein<\/strong><\/p>\n<p>Als Unternehmen tragen wir eine besondere Verantwortung f\u00fcr die Umwelt. Aus diesem Grund setzen wir uns aktiv f\u00fcr Nachhaltigkeit ein, indem wir wiederverwendbare Gebrauchtteile anbieten. Durch den Kauf von Ersatzteilen bei uns leisten Sie einen wertvollen Beitrag zur Reduzierung von Ressourcenverbrauch und Umweltbelastung.<\/p>\n<p><strong>Schneller Versand und Kundenzufriedenheit<\/strong><\/p>\n<p>Wir wissen, dass Sie Ihr Fahrzeug so schnell wie m\u00f6glich wieder in Betrieb nehmen m\u00f6chten. Daher sorgen wir f\u00fcr einen schnellen Versand und eine zuverl\u00e4ssige Lieferung Ihrer bestellten Teile. Ihre Zufriedenheit liegt uns am Herzen, und wir arbeiten hart daran, Ihre Erwartungen zu \u00fcbertreffen.<\/p>\t\t\t\t\t\t<\/div>\n\t\t\t\t<\/div>\n\t\t\t\t\t<\/div>\n\t\t<\/div>\n\t\t\t\t\t<\/div>\n\t\t<\/section>\n\t\t\t\t<\/div>\n\t\t","protected":false},"excerpt":{"rendered":"<p>Ihr Spezialist f\u00fcr hochwertige Porsche und Tesla Gebrauchtteile Unser Unternehmen hat sich mit Leidenschaft und Fachwissen dem Verkauf von erstklassigen Ersatzteilen f\u00fcr Porsche und Tesla Fahrzeuge verschrieben. Als begeisterte Liebhaber dieser Premium-Marken verstehen wir, wie wichtig es ist, Ihr Fahrzeug in optimaler Form zu halten. Aus diesem Grund bieten wir Ihnen ein sorgf\u00e4ltig ausgew\u00e4hltes Sortiment [&hellip;]<\/p>\n","protected":false},"author":1,"featured_media":0,"parent":0,"menu_order":0,"comment_status":"closed","ping_status":"closed","template":"custom-page.php","meta":{"footnotes":""},"class_list":["post-2642","page","type-page","status-publish","hentry"],"yoast_head":"<!-- This site is optimized with the Yoast SEO plugin v23.0 - https:\/\/yoast.com\/wordpress\/plugins\/seo\/ -->\n<title>\u00dcber uns - Lik-KFZ-Gebrauchtteile<\/title>\n<meta name=\"robots\" content=\"index, follow, max-snippet:-1, max-image-preview:large, max-video-preview:-1\" \/>\n<link rel=\"canonical\" href=\"https:\/\/www.lik-kfz-gebrauchtteile.de\/index.php\/ueber-uns\/\" \/>\n<meta property=\"og:locale\" content=\"de_DE\" \/>\n<meta property=\"og:type\" content=\"article\" \/>\n<meta property=\"og:title\" content=\"\u00dcber uns - Lik-KFZ-Gebrauchtteile\" \/>\n<meta property=\"og:description\" content=\"Ihr Spezialist f\u00fcr hochwertige Porsche und Tesla Gebrauchtteile Unser Unternehmen hat sich mit Leidenschaft und Fachwissen dem Verkauf von erstklassigen Ersatzteilen f\u00fcr Porsche und Tesla Fahrzeuge verschrieben. Als begeisterte Liebhaber dieser Premium-Marken verstehen wir, wie wichtig es ist, Ihr Fahrzeug in optimaler Form zu halten. Aus diesem Grund bieten wir Ihnen ein sorgf\u00e4ltig ausgew\u00e4hltes Sortiment [&hellip;]\" \/>\n<meta property=\"og:url\" content=\"https:\/\/www.lik-kfz-gebrauchtteile.de\/index.php\/ueber-uns\/\" \/>\n<meta property=\"og:site_name\" content=\"Lik-KFZ-Gebrauchtteile\" \/>\n<meta property=\"article:modified_time\" content=\"2023-07-28T12:36:36+00:00\" \/>\n<meta name=\"twitter:card\" content=\"summary_large_image\" \/>\n<meta name=\"twitter:label1\" content=\"Gesch\u00e4tzte Lesezeit\" \/>\n\t<meta name=\"twitter:data1\" content=\"1\u00a0Minute\" \/>\n<script type=\"application\/ld+json\" class=\"yoast-schema-graph\">{\"@context\":\"https:\/\/schema.org\",\"@graph\":[{\"@type\":\"WebPage\",\"@id\":\"https:\/\/www.lik-kfz-gebrauchtteile.de\/index.php\/ueber-uns\/\",\"url\":\"https:\/\/www.lik-kfz-gebrauchtteile.de\/index.php\/ueber-uns\/\",\"name\":\"\u00dcber uns - Lik-KFZ-Gebrauchtteile\",\"isPartOf\":{\"@id\":\"https:\/\/www.lik-kfz-gebrauchtteile.de\/#website\"},\"datePublished\":\"2020-04-18T13:48:35+00:00\",\"dateModified\":\"2023-07-28T12:36:36+00:00\",\"breadcrumb\":{\"@id\":\"https:\/\/www.lik-kfz-gebrauchtteile.de\/index.php\/ueber-uns\/#breadcrumb\"},\"inLanguage\":\"de\",\"potentialAction\":[{\"@type\":\"ReadAction\",\"target\":[\"https:\/\/www.lik-kfz-gebrauchtteile.de\/index.php\/ueber-uns\/\"]}]},{\"@type\":\"BreadcrumbList\",\"@id\":\"https:\/\/www.lik-kfz-gebrauchtteile.de\/index.php\/ueber-uns\/#breadcrumb\",\"itemListElement\":[{\"@type\":\"ListItem\",\"position\":1,\"name\":\"Startseite\",\"item\":\"https:\/\/www.lik-kfz-gebrauchtteile.de\/\"},{\"@type\":\"ListItem\",\"position\":2,\"name\":\"\u00dcber uns\"}]},{\"@type\":\"WebSite\",\"@id\":\"https:\/\/www.lik-kfz-gebrauchtteile.de\/#website\",\"url\":\"https:\/\/www.lik-kfz-gebrauchtteile.de\/\",\"name\":\"Lik-KFZ-Gebrauchtteile\",\"description\":\"\",\"publisher\":{\"@id\":\"https:\/\/www.lik-kfz-gebrauchtteile.de\/#organization\"},\"potentialAction\":[{\"@type\":\"SearchAction\",\"target\":{\"@type\":\"EntryPoint\",\"urlTemplate\":\"https:\/\/www.lik-kfz-gebrauchtteile.de\/?s={search_term_string}\"},\"query-input\":\"required name=search_term_string\"}],\"inLanguage\":\"de\"},{\"@type\":\"Organization\",\"@id\":\"https:\/\/www.lik-kfz-gebrauchtteile.de\/#organization\",\"name\":\"Lik-KFZ-Gebrauchtteile\",\"url\":\"https:\/\/www.lik-kfz-gebrauchtteile.de\/\",\"logo\":{\"@type\":\"ImageObject\",\"inLanguage\":\"de\",\"@id\":\"https:\/\/www.lik-kfz-gebrauchtteile.de\/#\/schema\/logo\/image\/\",\"url\":\"https:\/\/www.lik-kfz-gebrauchtteile.de\/wp-content\/uploads\/2023\/07\/cropped-lik-kfz-gebrauchtteile-logo-1511905547.jpg\",\"contentUrl\":\"https:\/\/www.lik-kfz-gebrauchtteile.de\/wp-content\/uploads\/2023\/07\/cropped-lik-kfz-gebrauchtteile-logo-1511905547.jpg\",\"width\":567,\"height\":165,\"caption\":\"Lik-KFZ-Gebrauchtteile\"},\"image\":{\"@id\":\"https:\/\/www.lik-kfz-gebrauchtteile.de\/#\/schema\/logo\/image\/\"}}]}<\/script>\n<!-- \/ Yoast SEO plugin. -->","yoast_head_json":{"title":"\u00dcber uns - Lik-KFZ-Gebrauchtteile","robots":{"index":"index","follow":"follow","max-snippet":"max-snippet:-1","max-image-preview":"max-image-preview:large","max-video-preview":"max-video-preview:-1"},"canonical":"https:\/\/www.lik-kfz-gebrauchtteile.de\/index.php\/ueber-uns\/","og_locale":"de_DE","og_type":"article","og_title":"\u00dcber uns - Lik-KFZ-Gebrauchtteile","og_description":"Ihr Spezialist f\u00fcr hochwertige Porsche und Tesla Gebrauchtteile Unser Unternehmen hat sich mit Leidenschaft und Fachwissen dem Verkauf von erstklassigen Ersatzteilen f\u00fcr Porsche und Tesla Fahrzeuge verschrieben. Als begeisterte Liebhaber dieser Premium-Marken verstehen wir, wie wichtig es ist, Ihr Fahrzeug in optimaler Form zu halten. Aus diesem Grund bieten wir Ihnen ein sorgf\u00e4ltig ausgew\u00e4hltes Sortiment [&hellip;]","og_url":"https:\/\/www.lik-kfz-gebrauchtteile.de\/index.php\/ueber-uns\/","og_site_name":"Lik-KFZ-Gebrauchtteile","article_modified_time":"2023-07-28T12:36:36+00:00","twitter_card":"summary_large_image","twitter_misc":{"Gesch\u00e4tzte Lesezeit":"1\u00a0Minute"},"schema":{"@context":"https:\/\/schema.org","@graph":[{"@type":"WebPage","@id":"https:\/\/www.lik-kfz-gebrauchtteile.de\/index.php\/ueber-uns\/","url":"https:\/\/www.lik-kfz-gebrauchtteile.de\/index.php\/ueber-uns\/","name":"\u00dcber uns - Lik-KFZ-Gebrauchtteile","isPartOf":{"@id":"https:\/\/www.lik-kfz-gebrauchtteile.de\/#website"},"datePublished":"2020-04-18T13:48:35+00:00","dateModified":"2023-07-28T12:36:36+00:00","breadcrumb":{"@id":"https:\/\/www.lik-kfz-gebrauchtteile.de\/index.php\/ueber-uns\/#breadcrumb"},"inLanguage":"de","potentialAction":[{"@type":"ReadAction","target":["https:\/\/www.lik-kfz-gebrauchtteile.de\/index.php\/ueber-uns\/"]}]},{"@type":"BreadcrumbList","@id":"https:\/\/www.lik-kfz-gebrauchtteile.de\/index.php\/ueber-uns\/#breadcrumb","itemListElement":[{"@type":"ListItem","position":1,"name":"Startseite","item":"https:\/\/www.lik-kfz-gebrauchtteile.de\/"},{"@type":"ListItem","position":2,"name":"\u00dcber uns"}]},{"@type":"WebSite","@id":"https:\/\/www.lik-kfz-gebrauchtteile.de\/#website","url":"https:\/\/www.lik-kfz-gebrauchtteile.de\/","name":"Lik-KFZ-Gebrauchtteile","description":"","publisher":{"@id":"https:\/\/www.lik-kfz-gebrauchtteile.de\/#organization"},"potentialAction":[{"@type":"SearchAction","target":{"@type":"EntryPoint","urlTemplate":"https:\/\/www.lik-kfz-gebrauchtteile.de\/?s={search_term_string}"},"query-input":"required name=search_term_string"}],"inLanguage":"de"},{"@type":"Organization","@id":"https:\/\/www.lik-kfz-gebrauchtteile.de\/#organization","name":"Lik-KFZ-Gebrauchtteile","url":"https:\/\/www.lik-kfz-gebrauchtteile.de\/","logo":{"@type":"ImageObject","inLanguage":"de","@id":"https:\/\/www.lik-kfz-gebrauchtteile.de\/#\/schema\/logo\/image\/","url":"https:\/\/www.lik-kfz-gebrauchtteile.de\/wp-content\/uploads\/2023\/07\/cropped-lik-kfz-gebrauchtteile-logo-1511905547.jpg","contentUrl":"https:\/\/www.lik-kfz-gebrauchtteile.de\/wp-content\/uploads\/2023\/07\/cropped-lik-kfz-gebrauchtteile-logo-1511905547.jpg","width":567,"height":165,"caption":"Lik-KFZ-Gebrauchtteile"},"image":{"@id":"https:\/\/www.lik-kfz-gebrauchtteile.de\/#\/schema\/logo\/image\/"}}]}},"_links":{"self":[{"href":"https:\/\/www.lik-kfz-gebrauchtteile.de\/index.php\/wp-json\/wp\/v2\/pages\/2642","targetHints":{"allow":["GET"]}}],"collection":[{"href":"https:\/\/www.lik-kfz-gebrauchtteile.de\/index.php\/wp-json\/wp\/v2\/pages"}],"about":[{"href":"https:\/\/www.lik-kfz-gebrauchtteile.de\/index.php\/wp-json\/wp\/v2\/types\/page"}],"author":[{"embeddable":true,"href":"https:\/\/www.lik-kfz-gebrauchtteile.de\/index.php\/wp-json\/wp\/v2\/users\/1"}],"replies":[{"embeddable":true,"href":"https:\/\/www.lik-kfz-gebrauchtteile.de\/index.php\/wp-json\/wp\/v2\/comments?post=2642"}],"version-history":[{"count":5,"href":"https:\/\/www.lik-kfz-gebrauchtteile.de\/index.php\/wp-json\/wp\/v2\/pages\/2642\/revisions"}],"predecessor-version":[{"id":2792,"href":"https:\/\/www.lik-kfz-gebrauchtteile.de\/index.php\/wp-json\/wp\/v2\/pages\/2642\/revisions\/2792"}],"wp:attachment":[{"href":"https:\/\/www.lik-kfz-gebrauchtteile.de\/index.php\/wp-json\/wp\/v2\/media?parent=2642"}],"curies":[{"name":"wp","href":"https:\/\/api.w.org\/{rel}","templated":true}]}}